{"id":55,"date":"2020-06-08T13:06:42","date_gmt":"2020-06-08T13:06:42","guid":{"rendered":"https:\/\/agyl.at\/?page_id=55"},"modified":"2024-10-16T12:09:50","modified_gmt":"2024-10-16T12:09:50","slug":"secondhand-laden","status":"publish","type":"page","link":"https:\/\/agyl.at\/?page_id=55","title":{"rendered":"Willst du&#8217;s haben?"},"content":{"rendered":"\n<p><strong><span style=\"background-color:rgba(0, 0, 0, 0)\" class=\"has-inline-color has-luminous-vivid-orange-color\">&#8222;Sch\u00f6ne Dinge suchen dich!&#8220;<\/span><\/strong><\/p>\n\n\n\n<p>In der &#8222;AGYL-Passage&#8220; (Unter der Leithen 1) haben wir einen kleinen Laden eingerichtet, in dem sich wahre Sch\u00e4tze finden lassen: Individuelle Dekost\u00fccke, Haushaltswaren und erlesene Kleidungsst\u00fccke warten darauf, ein neues Zuhause zu bekommen.<\/p>\n\n\n\n<figure class=\"wp-block-image size-large\"><img loading=\"lazy\" decoding=\"async\" width=\"960\" height=\"640\" src=\"https:\/\/agyl.at\/wp-content\/uploads\/2020\/07\/11209404_1644132162485543_4855795848415188083_n.jpg\" alt=\"\" class=\"wp-image-164\" srcset=\"https:\/\/agyl.at\/wp-content\/uploads\/2020\/07\/11209404_1644132162485543_4855795848415188083_n.jpg 960w, https:\/\/agyl.at\/wp-content\/uploads\/2020\/07\/11209404_1644132162485543_4855795848415188083_n-300x200.jpg 300w, https:\/\/agyl.at\/wp-content\/uploads\/2020\/07\/11209404_1644132162485543_4855795848415188083_n-768x512.jpg 768w\" sizes=\"auto, (max-width: 767px) 89vw, (max-width: 1000px) 54vw, (max-width: 1071px) 543px, 580px\" \/><\/figure>\n\n\n\n<p><strong>Unsere \u00d6ffnungszeiten:<\/strong><br>Donnerstag: 14.30 bis 16.30 Uhr <br>Freitag: 9.30 bis 11.30 Uhr<\/p>\n\n\n\n<p>Wir verkaufen Ihre &#8222;Sch\u00e4tze&#8220; f\u00fcr Sie, nehmen aber auch gespendete Waren entgegen.<br><\/p>\n\n\n\n<p><strong>Ansprechpersonen:<\/strong><br>Elli Zaerin-Holubovsky, 0650 \/ 45 02 540<br>Hannelore Wiesbauer, 0664 \/ 23 47 220<br><\/p>\n","protected":false},"excerpt":{"rendered":"<p>&#8222;Sch\u00f6ne Dinge suchen dich!&#8220; In der &#8222;AGYL-Passage&#8220; (Unter der Leithen 1) haben wir einen kleinen Laden eingerichtet, in dem sich wahre Sch\u00e4tze finden lassen: Individuelle Dekost\u00fccke, Haushaltswaren und erlesene Kleidungsst\u00fccke warten darauf, ein neues Zuhause zu bekommen. Unsere \u00d6ffnungszeiten:Donnerstag: 14.30 bis 16.30 Uhr Freitag: 9.30 bis 11.30 Uhr Wir verkaufen Ihre &#8222;Sch\u00e4tze&#8220; f\u00fcr Sie, nehmen &hellip; <\/p>\n<p class=\"link-more\"><a href=\"https:\/\/agyl.at\/?page_id=55\" class=\"more-link\"><span class=\"screen-reader-text\">\u201eWillst du&#8217;s haben?\u201c<\/span> weiterlesen<\/a><\/p>\n","protected":false},"author":1,"featured_media":0,"parent":0,"menu_order":0,"comment_status":"closed","ping_status":"closed","template":"","meta":{"footnotes":""},"class_list":["post-55","page","type-page","status-publish","hentry"],"yoast_head":"<!-- This site is optimized with the Yoast SEO plugin v24.7 - https:\/\/yoast.com\/wordpress\/plugins\/seo\/ -->\n<title>Willst du&#039;s haben? - AGYL<\/title>\n<meta name=\"robots\" content=\"index, follow, max-snippet:-1, max-image-preview:large, max-video-preview:-1\" \/>\n<link rel=\"canonical\" href=\"https:\/\/agyl.at\/?page_id=55\" \/>\n<meta property=\"og:locale\" content=\"de_DE\" \/>\n<meta property=\"og:type\" content=\"article\" \/>\n<meta property=\"og:title\" content=\"Willst du&#039;s haben? - AGYL\" \/>\n<meta property=\"og:description\" content=\"&#8222;Sch\u00f6ne Dinge suchen dich!&#8220; In der &#8222;AGYL-Passage&#8220; (Unter der Leithen 1) haben wir einen kleinen Laden eingerichtet, in dem sich wahre Sch\u00e4tze finden lassen: Individuelle Dekost\u00fccke, Haushaltswaren und erlesene Kleidungsst\u00fccke warten darauf, ein neues Zuhause zu bekommen. Unsere \u00d6ffnungszeiten:Donnerstag: 14.30 bis 16.30 Uhr Freitag: 9.30 bis 11.30 Uhr Wir verkaufen Ihre &#8222;Sch\u00e4tze&#8220; f\u00fcr Sie, nehmen &hellip; \u201eWillst du&#8217;s haben?\u201c weiterlesen\" \/>\n<meta property=\"og:url\" content=\"https:\/\/agyl.at\/?page_id=55\" \/>\n<meta property=\"og:site_name\" content=\"AGYL\" \/>\n<meta property=\"article:modified_time\" content=\"2024-10-16T12:09:50+00:00\" \/>\n<meta property=\"og:image\" content=\"https:\/\/agyl.at\/wp-content\/uploads\/2020\/07\/11209404_1644132162485543_4855795848415188083_n.jpg\" \/>\n<meta name=\"twitter:card\" content=\"summary_large_image\" \/>\n<meta name=\"twitter:label1\" content=\"Gesch\u00e4tzte Lesezeit\" \/>\n\t<meta name=\"twitter:data1\" content=\"1\u00a0Minute\" \/>\n<script type=\"application\/ld+json\" class=\"yoast-schema-graph\">{\"@context\":\"https:\/\/schema.org\",\"@graph\":[{\"@type\":\"WebPage\",\"@id\":\"https:\/\/agyl.at\/?page_id=55\",\"url\":\"https:\/\/agyl.at\/?page_id=55\",\"name\":\"Willst du's haben? - AGYL\",\"isPartOf\":{\"@id\":\"https:\/\/agyl.at\/#website\"},\"primaryImageOfPage\":{\"@id\":\"https:\/\/agyl.at\/?page_id=55#primaryimage\"},\"image\":{\"@id\":\"https:\/\/agyl.at\/?page_id=55#primaryimage\"},\"thumbnailUrl\":\"https:\/\/agyl.at\/wp-content\/uploads\/2020\/07\/11209404_1644132162485543_4855795848415188083_n.jpg\",\"datePublished\":\"2020-06-08T13:06:42+00:00\",\"dateModified\":\"2024-10-16T12:09:50+00:00\",\"breadcrumb\":{\"@id\":\"https:\/\/agyl.at\/?page_id=55#breadcrumb\"},\"inLanguage\":\"de\",\"potentialAction\":[{\"@type\":\"ReadAction\",\"target\":[\"https:\/\/agyl.at\/?page_id=55\"]}]},{\"@type\":\"ImageObject\",\"inLanguage\":\"de\",\"@id\":\"https:\/\/agyl.at\/?page_id=55#primaryimage\",\"url\":\"https:\/\/agyl.at\/wp-content\/uploads\/2020\/07\/11209404_1644132162485543_4855795848415188083_n.jpg\",\"contentUrl\":\"https:\/\/agyl.at\/wp-content\/uploads\/2020\/07\/11209404_1644132162485543_4855795848415188083_n.jpg\",\"width\":960,\"height\":640},{\"@type\":\"BreadcrumbList\",\"@id\":\"https:\/\/agyl.at\/?page_id=55#breadcrumb\",\"itemListElement\":[{\"@type\":\"ListItem\",\"position\":1,\"name\":\"Home\",\"item\":\"https:\/\/agyl.at\/\"},{\"@type\":\"ListItem\",\"position\":2,\"name\":\"Willst du&#8217;s haben?\"}]},{\"@type\":\"WebSite\",\"@id\":\"https:\/\/agyl.at\/#website\",\"url\":\"https:\/\/agyl.at\/\",\"name\":\"AGYL\",\"description\":\"Alle gemeinsam in Ybbsitz leben\",\"publisher\":{\"@id\":\"https:\/\/agyl.at\/#organization\"},\"potentialAction\":[{\"@type\":\"SearchAction\",\"target\":{\"@type\":\"EntryPoint\",\"urlTemplate\":\"https:\/\/agyl.at\/?s={search_term_string}\"},\"query-input\":{\"@type\":\"PropertyValueSpecification\",\"valueRequired\":true,\"valueName\":\"search_term_string\"}}],\"inLanguage\":\"de\"},{\"@type\":\"Organization\",\"@id\":\"https:\/\/agyl.at\/#organization\",\"name\":\"AGYL\",\"url\":\"https:\/\/agyl.at\/\",\"logo\":{\"@type\":\"ImageObject\",\"inLanguage\":\"de\",\"@id\":\"https:\/\/agyl.at\/#\/schema\/logo\/image\/\",\"url\":\"https:\/\/agyl.at\/wp-content\/uploads\/2020\/06\/cropped-10984222_1643337669231659_1680447969444551925_n-1.jpg\",\"contentUrl\":\"https:\/\/agyl.at\/wp-content\/uploads\/2020\/06\/cropped-10984222_1643337669231659_1680447969444551925_n-1.jpg\",\"width\":250,\"height\":250,\"caption\":\"AGYL \"},\"image\":{\"@id\":\"https:\/\/agyl.at\/#\/schema\/logo\/image\/\"}}]}<\/script>\n<!-- \/ Yoast SEO plugin. -->","yoast_head_json":{"title":"Willst du's haben? - AGYL","robots":{"index":"index","follow":"follow","max-snippet":"max-snippet:-1","max-image-preview":"max-image-preview:large","max-video-preview":"max-video-preview:-1"},"canonical":"https:\/\/agyl.at\/?page_id=55","og_locale":"de_DE","og_type":"article","og_title":"Willst du's haben? - AGYL","og_description":"&#8222;Sch\u00f6ne Dinge suchen dich!&#8220; In der &#8222;AGYL-Passage&#8220; (Unter der Leithen 1) haben wir einen kleinen Laden eingerichtet, in dem sich wahre Sch\u00e4tze finden lassen: Individuelle Dekost\u00fccke, Haushaltswaren und erlesene Kleidungsst\u00fccke warten darauf, ein neues Zuhause zu bekommen. Unsere \u00d6ffnungszeiten:Donnerstag: 14.30 bis 16.30 Uhr Freitag: 9.30 bis 11.30 Uhr Wir verkaufen Ihre &#8222;Sch\u00e4tze&#8220; f\u00fcr Sie, nehmen &hellip; \u201eWillst du&#8217;s haben?\u201c weiterlesen","og_url":"https:\/\/agyl.at\/?page_id=55","og_site_name":"AGYL","article_modified_time":"2024-10-16T12:09:50+00:00","og_image":[{"url":"https:\/\/agyl.at\/wp-content\/uploads\/2020\/07\/11209404_1644132162485543_4855795848415188083_n.jpg","type":"","width":"","height":""}],"twitter_card":"summary_large_image","twitter_misc":{"Gesch\u00e4tzte Lesezeit":"1\u00a0Minute"},"schema":{"@context":"https:\/\/schema.org","@graph":[{"@type":"WebPage","@id":"https:\/\/agyl.at\/?page_id=55","url":"https:\/\/agyl.at\/?page_id=55","name":"Willst du's haben? - AGYL","isPartOf":{"@id":"https:\/\/agyl.at\/#website"},"primaryImageOfPage":{"@id":"https:\/\/agyl.at\/?page_id=55#primaryimage"},"image":{"@id":"https:\/\/agyl.at\/?page_id=55#primaryimage"},"thumbnailUrl":"https:\/\/agyl.at\/wp-content\/uploads\/2020\/07\/11209404_1644132162485543_4855795848415188083_n.jpg","datePublished":"2020-06-08T13:06:42+00:00","dateModified":"2024-10-16T12:09:50+00:00","breadcrumb":{"@id":"https:\/\/agyl.at\/?page_id=55#breadcrumb"},"inLanguage":"de","potentialAction":[{"@type":"ReadAction","target":["https:\/\/agyl.at\/?page_id=55"]}]},{"@type":"ImageObject","inLanguage":"de","@id":"https:\/\/agyl.at\/?page_id=55#primaryimage","url":"https:\/\/agyl.at\/wp-content\/uploads\/2020\/07\/11209404_1644132162485543_4855795848415188083_n.jpg","contentUrl":"https:\/\/agyl.at\/wp-content\/uploads\/2020\/07\/11209404_1644132162485543_4855795848415188083_n.jpg","width":960,"height":640},{"@type":"BreadcrumbList","@id":"https:\/\/agyl.at\/?page_id=55#breadcrumb","itemListElement":[{"@type":"ListItem","position":1,"name":"Home","item":"https:\/\/agyl.at\/"},{"@type":"ListItem","position":2,"name":"Willst du&#8217;s haben?"}]},{"@type":"WebSite","@id":"https:\/\/agyl.at\/#website","url":"https:\/\/agyl.at\/","name":"AGYL","description":"Alle gemeinsam in Ybbsitz leben","publisher":{"@id":"https:\/\/agyl.at\/#organization"},"potentialAction":[{"@type":"SearchAction","target":{"@type":"EntryPoint","urlTemplate":"https:\/\/agyl.at\/?s={search_term_string}"},"query-input":{"@type":"PropertyValueSpecification","valueRequired":true,"valueName":"search_term_string"}}],"inLanguage":"de"},{"@type":"Organization","@id":"https:\/\/agyl.at\/#organization","name":"AGYL","url":"https:\/\/agyl.at\/","logo":{"@type":"ImageObject","inLanguage":"de","@id":"https:\/\/agyl.at\/#\/schema\/logo\/image\/","url":"https:\/\/agyl.at\/wp-content\/uploads\/2020\/06\/cropped-10984222_1643337669231659_1680447969444551925_n-1.jpg","contentUrl":"https:\/\/agyl.at\/wp-content\/uploads\/2020\/06\/cropped-10984222_1643337669231659_1680447969444551925_n-1.jpg","width":250,"height":250,"caption":"AGYL "},"image":{"@id":"https:\/\/agyl.at\/#\/schema\/logo\/image\/"}}]}},"_links":{"self":[{"href":"https:\/\/agyl.at\/index.php?rest_route=\/wp\/v2\/pages\/55","targetHints":{"allow":["GET"]}}],"collection":[{"href":"https:\/\/agyl.at\/index.php?rest_route=\/wp\/v2\/pages"}],"about":[{"href":"https:\/\/agyl.at\/index.php?rest_route=\/wp\/v2\/types\/page"}],"author":[{"embeddable":true,"href":"https:\/\/agyl.at\/index.php?rest_route=\/wp\/v2\/users\/1"}],"replies":[{"embeddable":true,"href":"https:\/\/agyl.at\/index.php?rest_route=%2Fwp%2Fv2%2Fcomments&post=55"}],"version-history":[{"count":7,"href":"https:\/\/agyl.at\/index.php?rest_route=\/wp\/v2\/pages\/55\/revisions"}],"predecessor-version":[{"id":351,"href":"https:\/\/agyl.at\/index.php?rest_route=\/wp\/v2\/pages\/55\/revisions\/351"}],"wp:attachment":[{"href":"https:\/\/agyl.at\/index.php?rest_route=%2Fwp%2Fv2%2Fmedia&parent=55"}],"curies":[{"name":"wp","href":"https:\/\/api.w.org\/{rel}","templated":true}]}}