{"id":53,"date":"2020-06-08T13:04:26","date_gmt":"2020-06-08T13:04:26","guid":{"rendered":"https:\/\/agyl.at\/?page_id=53"},"modified":"2021-01-04T15:19:20","modified_gmt":"2021-01-04T15:19:20","slug":"haus-des-lebens","status":"publish","type":"page","link":"https:\/\/agyl.at\/?page_id=53","title":{"rendered":"Haus des Lebens"},"content":{"rendered":"\n<p><strong><span class=\"has-inline-color has-luminous-vivid-orange-color\">Mehrgenerationenhaus f\u00fcr gelebte Nachbarschaftshilfe<\/span><\/strong><\/p>\n\n\n\n<p>Das Haus des Lebens bietet den Bewohnern sowohl die M\u00f6glichkeit des R\u00fcckzugs in die eigenen vier W\u00e4nde, als auch die M\u00f6glichkeit, aktiv am Leben in der Gemeinschaft teilzunehmen.<\/p>\n\n\n\n<p>Gegenseitige Nachbarschaftshilfe und das Miteinander aller Generationen werden hier aktiv gef\u00f6rdert und begleitet.<\/p>\n\n\n\n<p>Wir sind offen f\u00fcr alle Menschen, die gerne wie in einer zeitgem\u00e4\u00dfen Gro\u00dffamilie leben und sich im Haus des Lebens einbringen m\u00f6chten, sowie f\u00fcr jene, die interessiert sind an gemeinsamen Aktivit\u00e4ten.<\/p>\n\n\n\n<p>Zwei Wohnkoordinatorinnen stehen den Bewohnern und Bewohnerinnen als Ansprechpartner zur Verf\u00fcgung. Sie organisieren unter anderem gemeinsame Aktivit\u00e4ten und sorgen daf\u00fcr, dass das Haus des Lebens <strong>mit Leben<\/strong> gef\u00fcllt wird.<\/p>\n\n\n\n<p><strong>Informationen und Bewerbung<\/strong>:<\/p>\n\n\n\n<p><strong>Elisabeth Schasching<\/strong> (Obfrau des Vereins AGYL)<br><a href=\"mailto:schasching.elisabeth@gmx.at\"><strong>schasching.elisabeth@gmx.at<\/strong><\/a><br>0680 \/ 12 93 540<\/p>\n\n\n\n<p><strong>Gemeinn\u00fctzige Bau- und Siedlungsgenossenschaft Waldviertel (WAV)<\/strong><br><strong><a rel=\"noreferrer noopener\" href=\"mailto:wav@waldviertel-wohnen.at\" target=\"_blank\">wav@waldviertel-wohnen.at<\/a><br><\/strong>02846 \/ 7014<\/p>\n\n\n\n<p>Das Leben im Haus&#8230;<\/p>\n\n\n<div id=\"metaslider-id-300\" style=\"width: 100%;\" class=\"ml-slider-3-97-0 metaslider metaslider-flex metaslider-300 ml-slider ms-theme-outline has-dots-nav\" role=\"region\" aria-roledescription=\"Slideshow\" aria-label=\"Neue Slideshow\" data-width=\"700\">\n    <div id=\"metaslider_container_300\">\n        <div id=\"metaslider_300\" class=\"flexslider\">\n            <ul class='slides'>\n                <li style=\"display: block; width: 100%;\" class=\"slide-304 ms-image \" aria-roledescription=\"slide\" aria-label=\"slide-304\" data-date=\"2021-01-04 15:12:39\"><img loading=\"lazy\" decoding=\"async\" src=\"https:\/\/agyl.at\/wp-content\/uploads\/2020\/12\/IMG-20201029-WA0004-700x700.jpg\" height=\"700\" width=\"700\" alt=\"\" class=\"slider-300 slide-304\" title=\"IMG-20201029-WA0004\" \/><div class=\"caption-wrap\"><div class=\"caption\">Besuch vom Kindergarten<\/div><\/div><\/li>\n                <li style=\"display: none; width: 100%;\" class=\"slide-305 ms-image \" aria-roledescription=\"slide\" aria-label=\"slide-305\" data-date=\"2021-01-04 15:12:39\"><img loading=\"lazy\" decoding=\"async\" src=\"https:\/\/agyl.at\/wp-content\/uploads\/2020\/12\/IMG-20201029-WA0003-700x700.jpg\" height=\"700\" width=\"700\" alt=\"\" class=\"slider-300 slide-305\" title=\"IMG-20201029-WA0003\" \/><div class=\"caption-wrap\"><div class=\"caption\">Besuch vom Kindergarten<\/div><\/div><\/li>\n                <li style=\"display: none; width: 100%;\" class=\"slide-306 ms-image \" aria-roledescription=\"slide\" aria-label=\"slide-306\" data-date=\"2021-01-04 15:12:39\"><img loading=\"lazy\" decoding=\"async\" src=\"https:\/\/agyl.at\/wp-content\/uploads\/2020\/12\/IMG-20201008-WA0004-700x700.jpg\" height=\"700\" width=\"700\" alt=\"\" class=\"slider-300 slide-306\" title=\"IMG-20201008-WA0004\" \/><div class=\"caption-wrap\"><div class=\"caption\">Schaumrollen backen<\/div><\/div><\/li>\n                <li style=\"display: none; width: 100%;\" class=\"slide-307 ms-image \" aria-roledescription=\"slide\" aria-label=\"slide-307\" data-date=\"2021-01-04 15:12:40\"><img loading=\"lazy\" decoding=\"async\" src=\"https:\/\/agyl.at\/wp-content\/uploads\/2020\/12\/IMG-20201008-WA0001-700x700.jpg\" height=\"700\" width=\"700\" alt=\"\" class=\"slider-300 slide-307\" title=\"IMG-20201008-WA0001\" \/><div class=\"caption-wrap\"><div class=\"caption\">Schaumrollen backen<\/div><\/div><\/li>\n                <li style=\"display: none; width: 100%;\" class=\"slide-308 ms-image \" aria-roledescription=\"slide\" aria-label=\"slide-308\" data-date=\"2021-01-04 15:12:40\"><img loading=\"lazy\" decoding=\"async\" src=\"https:\/\/agyl.at\/wp-content\/uploads\/2020\/12\/IMG-20200902-WA0001-700x700.jpg\" height=\"700\" width=\"700\" alt=\"\" class=\"slider-300 slide-308\" title=\"IMG-20200902-WA0001\" \/><div class=\"caption-wrap\"><div class=\"caption\">Arbeiten im Kr\u00e4utergarten<\/div><\/div><\/li>\n                <li style=\"display: none; width: 100%;\" class=\"slide-309 ms-image \" aria-roledescription=\"slide\" aria-label=\"slide-309\" data-date=\"2021-01-04 15:12:40\"><img loading=\"lazy\" decoding=\"async\" src=\"https:\/\/agyl.at\/wp-content\/uploads\/2020\/12\/IMG-20200819-WA0031-700x700.jpg\" height=\"700\" width=\"700\" alt=\"\" class=\"slider-300 slide-309\" title=\"IMG-20200819-WA0031\" \/><div class=\"caption-wrap\"><div class=\"caption\">Vorbereitungen f\u00fcr die Geburtstagsfeier<\/div><\/div><\/li>\n                <li style=\"display: none; width: 100%;\" class=\"slide-310 ms-image \" aria-roledescription=\"slide\" aria-label=\"slide-310\" data-date=\"2021-01-04 15:12:40\"><img loading=\"lazy\" decoding=\"async\" src=\"https:\/\/agyl.at\/wp-content\/uploads\/2020\/12\/IMG-20200819-WA0020-700x700.jpg\" height=\"700\" width=\"700\" alt=\"\" class=\"slider-300 slide-310\" title=\"IMG-20200819-WA0020\" \/><div class=\"caption-wrap\"><div class=\"caption\">Xunder Obstsalat<\/div><\/div><\/li>\n                <li style=\"display: none; width: 100%;\" class=\"slide-311 ms-image \" aria-roledescription=\"slide\" aria-label=\"slide-311\" data-date=\"2021-01-04 15:12:40\"><img loading=\"lazy\" decoding=\"async\" src=\"https:\/\/agyl.at\/wp-content\/uploads\/2020\/12\/IMG-20200819-WA0019-700x700.jpg\" height=\"700\" width=\"700\" alt=\"\" class=\"slider-300 slide-311\" title=\"IMG-20200819-WA0019\" \/><div class=\"caption-wrap\"><div class=\"caption\">Hans spielt ein St\u00e4ndchen<\/div><\/div><\/li>\n                <li style=\"display: none; width: 100%;\" class=\"slide-312 ms-image \" aria-roledescription=\"slide\" aria-label=\"slide-312\" data-date=\"2021-01-04 15:12:40\"><img loading=\"lazy\" decoding=\"async\" src=\"https:\/\/agyl.at\/wp-content\/uploads\/2020\/12\/IMG-20200819-WA0017-700x700.jpg\" height=\"700\" width=\"700\" alt=\"\" class=\"slider-300 slide-312\" title=\"IMG-20200819-WA0017\" \/><div class=\"caption-wrap\"><div class=\"caption\">Mmh... Oblatentorte<\/div><\/div><\/li>\n                <li style=\"display: none; width: 100%;\" class=\"slide-313 ms-image \" aria-roledescription=\"slide\" aria-label=\"slide-313\" data-date=\"2021-01-04 15:12:40\"><img loading=\"lazy\" decoding=\"async\" src=\"https:\/\/agyl.at\/wp-content\/uploads\/2020\/12\/IMG-20200819-WA0016-700x700.jpg\" height=\"700\" width=\"700\" alt=\"\" class=\"slider-300 slide-313\" title=\"IMG-20200819-WA0016\" \/><div class=\"caption-wrap\"><div class=\"caption\">Mmh... Oblatentorte<\/div><\/div><\/li>\n                <li style=\"display: none; width: 100%;\" class=\"slide-314 ms-image \" aria-roledescription=\"slide\" aria-label=\"slide-314\" data-date=\"2021-01-04 15:12:40\"><img loading=\"lazy\" decoding=\"async\" src=\"https:\/\/agyl.at\/wp-content\/uploads\/2020\/12\/IMG-20200819-WA0012-700x700.jpg\" height=\"700\" width=\"700\" alt=\"\" class=\"slider-300 slide-314\" title=\"IMG-20200819-WA0012\" \/><div class=\"caption-wrap\"><div class=\"caption\">Evi und Greti<\/div><\/div><\/li>\n                <li style=\"display: none; width: 100%;\" class=\"slide-315 ms-image \" aria-roledescription=\"slide\" aria-label=\"slide-315\" data-date=\"2021-01-04 15:12:40\"><img loading=\"lazy\" decoding=\"async\" src=\"https:\/\/agyl.at\/wp-content\/uploads\/2020\/12\/IMG-20200819-WA0011-700x700.jpg\" height=\"700\" width=\"700\" alt=\"\" class=\"slider-300 slide-315\" title=\"IMG-20200819-WA0011\" \/><div class=\"caption-wrap\"><div class=\"caption\">Gemeinsame Jause<\/div><\/div><\/li>\n                <li style=\"display: none; width: 100%;\" class=\"slide-316 ms-image \" aria-roledescription=\"slide\" aria-label=\"slide-316\" data-date=\"2021-01-04 15:12:40\"><img loading=\"lazy\" decoding=\"async\" src=\"https:\/\/agyl.at\/wp-content\/uploads\/2020\/12\/IMG-20200819-WA0007-700x700.jpg\" height=\"700\" width=\"700\" alt=\"\" class=\"slider-300 slide-316\" title=\"IMG-20200819-WA0007\" \/><div class=\"caption-wrap\"><div class=\"caption\">Elisabeth mit Frau Jung<\/div><\/div><\/li>\n                <li style=\"display: none; width: 100%;\" class=\"slide-317 ms-image \" aria-roledescription=\"slide\" aria-label=\"slide-317\" data-date=\"2021-01-04 15:12:40\"><img loading=\"lazy\" decoding=\"async\" src=\"https:\/\/agyl.at\/wp-content\/uploads\/2020\/12\/IMG-20200819-WA0003-700x700.jpg\" height=\"700\" width=\"700\" alt=\"\" class=\"slider-300 slide-317\" title=\"IMG-20200819-WA0003\" \/><div class=\"caption-wrap\"><div class=\"caption\">Erika als Unterhalterin<\/div><\/div><\/li>\n                <li style=\"display: none; width: 100%;\" class=\"slide-318 ms-image \" aria-roledescription=\"slide\" aria-label=\"slide-318\" data-date=\"2021-01-04 15:12:41\"><img loading=\"lazy\" decoding=\"async\" src=\"https:\/\/agyl.at\/wp-content\/uploads\/2020\/12\/IMG-20200416-WA00041-700x700.jpg\" height=\"700\" width=\"700\" alt=\"\" class=\"slider-300 slide-318\" title=\"IMG-20200416-WA0004(1)\" \/><div class=\"caption-wrap\"><div class=\"caption\">Unkraut j\u00e4ten<\/div><\/div><\/li>\n                <li style=\"display: none; width: 100%;\" class=\"slide-319 ms-image \" aria-roledescription=\"slide\" aria-label=\"slide-319\" data-date=\"2021-01-04 15:12:41\"><img loading=\"lazy\" decoding=\"async\" src=\"https:\/\/agyl.at\/wp-content\/uploads\/2020\/12\/IMG-20170629-WA0001-576x576.jpg\" height=\"700\" width=\"700\" alt=\"\" class=\"slider-300 slide-319\" title=\"IMG-20170629-WA0001\" \/><div class=\"caption-wrap\"><div class=\"caption\">Offizielle Schl\u00fcssel\u00fcbergabe<\/div><\/div><\/li>\n                <li style=\"display: none; width: 100%;\" class=\"slide-320 ms-image \" aria-roledescription=\"slide\" aria-label=\"slide-320\" data-date=\"2021-01-04 15:12:41\"><img loading=\"lazy\" decoding=\"async\" src=\"https:\/\/agyl.at\/wp-content\/uploads\/2020\/12\/IMG_5368-700x700.jpg\" height=\"700\" width=\"700\" alt=\"\" class=\"slider-300 slide-320\" title=\"IMG_5368\" \/><div class=\"caption-wrap\"><div class=\"caption\">Hannelore, unsere K\u00fcnstlerin!<\/div><\/div><\/li>\n                <li style=\"display: none; width: 100%;\" class=\"slide-321 ms-image \" aria-roledescription=\"slide\" aria-label=\"slide-321\" data-date=\"2021-01-04 15:12:41\"><img loading=\"lazy\" decoding=\"async\" src=\"https:\/\/agyl.at\/wp-content\/uploads\/2020\/12\/IMG_5357-700x700.jpg\" height=\"700\" width=\"700\" alt=\"\" class=\"slider-300 slide-321\" title=\"IMG_5357\" \/><div class=\"caption-wrap\"><div class=\"caption\">Das wird ein sch\u00f6ner Kranz!<\/div><\/div><\/li>\n                <li style=\"display: none; width: 100%;\" class=\"slide-322 ms-image \" aria-roledescription=\"slide\" aria-label=\"slide-322\" data-date=\"2021-01-04 15:12:41\"><img loading=\"lazy\" decoding=\"async\" src=\"https:\/\/agyl.at\/wp-content\/uploads\/2020\/12\/IMG_5241-700x700.jpg\" height=\"700\" width=\"700\" alt=\"\" class=\"slider-300 slide-322\" title=\"IMG_5241\" \/><div class=\"caption-wrap\"><div class=\"caption\">Beim Basteln...<\/div><\/div><\/li>\n                <li style=\"display: none; width: 100%;\" class=\"slide-323 ms-image \" aria-roledescription=\"slide\" aria-label=\"slide-323\" data-date=\"2021-01-04 15:12:41\"><img loading=\"lazy\" decoding=\"async\" src=\"https:\/\/agyl.at\/wp-content\/uploads\/2020\/12\/IMG_5074-576x576.jpg\" height=\"700\" width=\"700\" alt=\"\" class=\"slider-300 slide-323\" title=\"IMG_5074\" \/><div class=\"caption-wrap\"><div class=\"caption\">Erika kocht Erd\u00e4pfelgulasch<\/div><\/div><\/li>\n                <li style=\"display: none; width: 100%;\" class=\"slide-324 ms-image \" aria-roledescription=\"slide\" aria-label=\"slide-324\" data-date=\"2021-01-04 15:12:41\"><img loading=\"lazy\" decoding=\"async\" src=\"https:\/\/agyl.at\/wp-content\/uploads\/2020\/12\/IMG_5165-700x700.jpg\" height=\"700\" width=\"700\" alt=\"\" class=\"slider-300 slide-324\" title=\"IMG_5165\" \/><div class=\"caption-wrap\"><div class=\"caption\">Fasching<\/div><\/div><\/li>\n                <li style=\"display: none; width: 100%;\" class=\"slide-325 ms-image \" aria-roledescription=\"slide\" aria-label=\"slide-325\" data-date=\"2021-01-04 15:12:41\"><img loading=\"lazy\" decoding=\"async\" src=\"https:\/\/agyl.at\/wp-content\/uploads\/2020\/12\/IMG_4946-576x576.jpg\" height=\"700\" width=\"700\" alt=\"\" class=\"slider-300 slide-325\" title=\"IMG_4946\" \/><div class=\"caption-wrap\"><div class=\"caption\">F\u00fcrchtet euch nicht!<\/div><\/div><\/li>\n                <li style=\"display: none; width: 100%;\" class=\"slide-326 ms-image \" aria-roledescription=\"slide\" aria-label=\"slide-326\" data-date=\"2021-01-04 15:12:41\"><img loading=\"lazy\" decoding=\"async\" src=\"https:\/\/agyl.at\/wp-content\/uploads\/2020\/12\/IMG_4062-700x700.jpg\" height=\"700\" width=\"700\" alt=\"\" class=\"slider-300 slide-326\" title=\"IMG_4062\" \/><div class=\"caption-wrap\"><div class=\"caption\">Heiliger Besuch<\/div><\/div><\/li>\n                <li style=\"display: none; width: 100%;\" class=\"slide-327 ms-image \" aria-roledescription=\"slide\" aria-label=\"slide-327\" data-date=\"2021-01-04 15:12:41\"><img loading=\"lazy\" decoding=\"async\" src=\"https:\/\/agyl.at\/wp-content\/uploads\/2020\/12\/IMG_3843-700x700.jpg\" height=\"700\" width=\"700\" alt=\"\" class=\"slider-300 slide-327\" title=\"IMG_3843\" \/><div class=\"caption-wrap\"><div class=\"caption\">Ein sch\u00f6ner Ausflug ins Gr\u00fcne<\/div><\/div><\/li>\n                <li style=\"display: none; width: 100%;\" class=\"slide-328 ms-image \" aria-roledescription=\"slide\" aria-label=\"slide-328\" data-date=\"2021-01-04 15:12:42\"><img loading=\"lazy\" decoding=\"async\" src=\"https:\/\/agyl.at\/wp-content\/uploads\/2020\/12\/IMG_3838-700x700.jpg\" height=\"700\" width=\"700\" alt=\"\" class=\"slider-300 slide-328\" title=\"IMG_3838\" \/><div class=\"caption-wrap\"><div class=\"caption\">Ein sch\u00f6ner Ausflug ins Gr\u00fcne<\/div><\/div><\/li>\n                <li style=\"display: none; width: 100%;\" class=\"slide-329 ms-image \" aria-roledescription=\"slide\" aria-label=\"slide-329\" data-date=\"2021-01-04 15:12:42\"><img loading=\"lazy\" decoding=\"async\" src=\"https:\/\/agyl.at\/wp-content\/uploads\/2020\/12\/IMG_3262-576x576.jpg\" height=\"700\" width=\"700\" alt=\"\" class=\"slider-300 slide-329\" title=\"IMG_3262\" \/><div class=\"caption-wrap\"><div class=\"caption\">Das kann er, der Peter!<\/div><\/div><\/li>\n                <li style=\"display: none; width: 100%;\" class=\"slide-330 ms-image \" aria-roledescription=\"slide\" aria-label=\"slide-330\" data-date=\"2021-01-04 15:12:42\"><img loading=\"lazy\" decoding=\"async\" src=\"https:\/\/agyl.at\/wp-content\/uploads\/2020\/12\/IMG_3795-700x700.jpg\" height=\"700\" width=\"700\" alt=\"\" class=\"slider-300 slide-330\" title=\"IMG_3795\" \/><div class=\"caption-wrap\"><div class=\"caption\">Die \"Beh\u00fcteten\"<\/div><\/div><\/li>\n                <li style=\"display: none; width: 100%;\" class=\"slide-331 ms-image \" aria-roledescription=\"slide\" aria-label=\"slide-331\" data-date=\"2021-01-04 15:12:42\"><img loading=\"lazy\" decoding=\"async\" src=\"https:\/\/agyl.at\/wp-content\/uploads\/2020\/12\/DSC04254-680x680.jpg\" height=\"700\" width=\"700\" alt=\"\" class=\"slider-300 slide-331\" title=\"DSC04254\" \/><div class=\"caption-wrap\"><div class=\"caption\">Auch k\u00fcnstlerische T\u00e4tigkeiten kommen nicht zu kurz.<\/div><\/div><\/li>\n                <li style=\"display: none; width: 100%;\" class=\"slide-332 ms-image \" aria-roledescription=\"slide\" aria-label=\"slide-332\" data-date=\"2021-01-04 15:12:42\"><img loading=\"lazy\" decoding=\"async\" src=\"https:\/\/agyl.at\/wp-content\/uploads\/2020\/12\/MG_4953-700x700.jpg\" height=\"700\" width=\"700\" alt=\"\" class=\"slider-300 slide-332\" title=\"_MG_4953\" \/><div class=\"caption-wrap\"><div class=\"caption\">Spielen geh\u00f6rt dazu.<\/div><\/div><\/li>\n            <\/ul>\n        <\/div>\n        \n    <\/div>\n<\/div>\n\n\n\n<p><\/p>\n","protected":false},"excerpt":{"rendered":"<p>Mehrgenerationenhaus f\u00fcr gelebte Nachbarschaftshilfe Das Haus des Lebens bietet den Bewohnern sowohl die M\u00f6glichkeit des R\u00fcckzugs in die eigenen vier W\u00e4nde, als auch die M\u00f6glichkeit, aktiv am Leben in der Gemeinschaft teilzunehmen. Gegenseitige Nachbarschaftshilfe und das Miteinander aller Generationen werden hier aktiv gef\u00f6rdert und begleitet. Wir sind offen f\u00fcr alle Menschen, die gerne wie in &hellip; <\/p>\n<p class=\"link-more\"><a href=\"https:\/\/agyl.at\/?page_id=53\" class=\"more-link\"><span class=\"screen-reader-text\">\u201eHaus des Lebens\u201c<\/span> weiterlesen<\/a><\/p>\n","protected":false},"author":1,"featured_media":0,"parent":0,"menu_order":0,"comment_status":"closed","ping_status":"closed","template":"","meta":{"footnotes":""},"class_list":["post-53","page","type-page","status-publish","hentry"],"yoast_head":"<!-- This site is optimized with the Yoast SEO plugin v24.7 - https:\/\/yoast.com\/wordpress\/plugins\/seo\/ -->\n<title>Haus des Lebens - AGYL<\/title>\n<meta name=\"robots\" content=\"index, follow, max-snippet:-1, max-image-preview:large, max-video-preview:-1\" \/>\n<link rel=\"canonical\" href=\"https:\/\/agyl.at\/?page_id=53\" \/>\n<meta property=\"og:locale\" content=\"de_DE\" \/>\n<meta property=\"og:type\" content=\"article\" \/>\n<meta property=\"og:title\" content=\"Haus des Lebens - AGYL\" \/>\n<meta property=\"og:description\" content=\"Mehrgenerationenhaus f\u00fcr gelebte Nachbarschaftshilfe Das Haus des Lebens bietet den Bewohnern sowohl die M\u00f6glichkeit des R\u00fcckzugs in die eigenen vier W\u00e4nde, als auch die M\u00f6glichkeit, aktiv am Leben in der Gemeinschaft teilzunehmen. Gegenseitige Nachbarschaftshilfe und das Miteinander aller Generationen werden hier aktiv gef\u00f6rdert und begleitet. Wir sind offen f\u00fcr alle Menschen, die gerne wie in &hellip; \u201eHaus des Lebens\u201c weiterlesen\" \/>\n<meta property=\"og:url\" content=\"https:\/\/agyl.at\/?page_id=53\" \/>\n<meta property=\"og:site_name\" content=\"AGYL\" \/>\n<meta property=\"article:modified_time\" content=\"2021-01-04T15:19:20+00:00\" \/>\n<meta name=\"twitter:card\" content=\"summary_large_image\" \/>\n<meta name=\"twitter:label1\" content=\"Gesch\u00e4tzte Lesezeit\" \/>\n\t<meta name=\"twitter:data1\" content=\"1\u00a0Minute\" \/>\n<script type=\"application\/ld+json\" class=\"yoast-schema-graph\">{\"@context\":\"https:\/\/schema.org\",\"@graph\":[{\"@type\":\"WebPage\",\"@id\":\"https:\/\/agyl.at\/?page_id=53\",\"url\":\"https:\/\/agyl.at\/?page_id=53\",\"name\":\"Haus des Lebens - AGYL\",\"isPartOf\":{\"@id\":\"https:\/\/agyl.at\/#website\"},\"datePublished\":\"2020-06-08T13:04:26+00:00\",\"dateModified\":\"2021-01-04T15:19:20+00:00\",\"breadcrumb\":{\"@id\":\"https:\/\/agyl.at\/?page_id=53#breadcrumb\"},\"inLanguage\":\"de\",\"potentialAction\":[{\"@type\":\"ReadAction\",\"target\":[\"https:\/\/agyl.at\/?page_id=53\"]}]},{\"@type\":\"BreadcrumbList\",\"@id\":\"https:\/\/agyl.at\/?page_id=53#breadcrumb\",\"itemListElement\":[{\"@type\":\"ListItem\",\"position\":1,\"name\":\"Home\",\"item\":\"https:\/\/agyl.at\/\"},{\"@type\":\"ListItem\",\"position\":2,\"name\":\"Haus des Lebens\"}]},{\"@type\":\"WebSite\",\"@id\":\"https:\/\/agyl.at\/#website\",\"url\":\"https:\/\/agyl.at\/\",\"name\":\"AGYL\",\"description\":\"Alle gemeinsam in Ybbsitz leben\",\"publisher\":{\"@id\":\"https:\/\/agyl.at\/#organization\"},\"potentialAction\":[{\"@type\":\"SearchAction\",\"target\":{\"@type\":\"EntryPoint\",\"urlTemplate\":\"https:\/\/agyl.at\/?s={search_term_string}\"},\"query-input\":{\"@type\":\"PropertyValueSpecification\",\"valueRequired\":true,\"valueName\":\"search_term_string\"}}],\"inLanguage\":\"de\"},{\"@type\":\"Organization\",\"@id\":\"https:\/\/agyl.at\/#organization\",\"name\":\"AGYL\",\"url\":\"https:\/\/agyl.at\/\",\"logo\":{\"@type\":\"ImageObject\",\"inLanguage\":\"de\",\"@id\":\"https:\/\/agyl.at\/#\/schema\/logo\/image\/\",\"url\":\"https:\/\/agyl.at\/wp-content\/uploads\/2020\/06\/cropped-10984222_1643337669231659_1680447969444551925_n-1.jpg\",\"contentUrl\":\"https:\/\/agyl.at\/wp-content\/uploads\/2020\/06\/cropped-10984222_1643337669231659_1680447969444551925_n-1.jpg\",\"width\":250,\"height\":250,\"caption\":\"AGYL \"},\"image\":{\"@id\":\"https:\/\/agyl.at\/#\/schema\/logo\/image\/\"}}]}<\/script>\n<!-- \/ Yoast SEO plugin. -->","yoast_head_json":{"title":"Haus des Lebens - AGYL","robots":{"index":"index","follow":"follow","max-snippet":"max-snippet:-1","max-image-preview":"max-image-preview:large","max-video-preview":"max-video-preview:-1"},"canonical":"https:\/\/agyl.at\/?page_id=53","og_locale":"de_DE","og_type":"article","og_title":"Haus des Lebens - AGYL","og_description":"Mehrgenerationenhaus f\u00fcr gelebte Nachbarschaftshilfe Das Haus des Lebens bietet den Bewohnern sowohl die M\u00f6glichkeit des R\u00fcckzugs in die eigenen vier W\u00e4nde, als auch die M\u00f6glichkeit, aktiv am Leben in der Gemeinschaft teilzunehmen. Gegenseitige Nachbarschaftshilfe und das Miteinander aller Generationen werden hier aktiv gef\u00f6rdert und begleitet. Wir sind offen f\u00fcr alle Menschen, die gerne wie in &hellip; \u201eHaus des Lebens\u201c weiterlesen","og_url":"https:\/\/agyl.at\/?page_id=53","og_site_name":"AGYL","article_modified_time":"2021-01-04T15:19:20+00:00","twitter_card":"summary_large_image","twitter_misc":{"Gesch\u00e4tzte Lesezeit":"1\u00a0Minute"},"schema":{"@context":"https:\/\/schema.org","@graph":[{"@type":"WebPage","@id":"https:\/\/agyl.at\/?page_id=53","url":"https:\/\/agyl.at\/?page_id=53","name":"Haus des Lebens - AGYL","isPartOf":{"@id":"https:\/\/agyl.at\/#website"},"datePublished":"2020-06-08T13:04:26+00:00","dateModified":"2021-01-04T15:19:20+00:00","breadcrumb":{"@id":"https:\/\/agyl.at\/?page_id=53#breadcrumb"},"inLanguage":"de","potentialAction":[{"@type":"ReadAction","target":["https:\/\/agyl.at\/?page_id=53"]}]},{"@type":"BreadcrumbList","@id":"https:\/\/agyl.at\/?page_id=53#breadcrumb","itemListElement":[{"@type":"ListItem","position":1,"name":"Home","item":"https:\/\/agyl.at\/"},{"@type":"ListItem","position":2,"name":"Haus des Lebens"}]},{"@type":"WebSite","@id":"https:\/\/agyl.at\/#website","url":"https:\/\/agyl.at\/","name":"AGYL","description":"Alle gemeinsam in Ybbsitz leben","publisher":{"@id":"https:\/\/agyl.at\/#organization"},"potentialAction":[{"@type":"SearchAction","target":{"@type":"EntryPoint","urlTemplate":"https:\/\/agyl.at\/?s={search_term_string}"},"query-input":{"@type":"PropertyValueSpecification","valueRequired":true,"valueName":"search_term_string"}}],"inLanguage":"de"},{"@type":"Organization","@id":"https:\/\/agyl.at\/#organization","name":"AGYL","url":"https:\/\/agyl.at\/","logo":{"@type":"ImageObject","inLanguage":"de","@id":"https:\/\/agyl.at\/#\/schema\/logo\/image\/","url":"https:\/\/agyl.at\/wp-content\/uploads\/2020\/06\/cropped-10984222_1643337669231659_1680447969444551925_n-1.jpg","contentUrl":"https:\/\/agyl.at\/wp-content\/uploads\/2020\/06\/cropped-10984222_1643337669231659_1680447969444551925_n-1.jpg","width":250,"height":250,"caption":"AGYL "},"image":{"@id":"https:\/\/agyl.at\/#\/schema\/logo\/image\/"}}]}},"_links":{"self":[{"href":"https:\/\/agyl.at\/index.php?rest_route=\/wp\/v2\/pages\/53","targetHints":{"allow":["GET"]}}],"collection":[{"href":"https:\/\/agyl.at\/index.php?rest_route=\/wp\/v2\/pages"}],"about":[{"href":"https:\/\/agyl.at\/index.php?rest_route=\/wp\/v2\/types\/page"}],"author":[{"embeddable":true,"href":"https:\/\/agyl.at\/index.php?rest_route=\/wp\/v2\/users\/1"}],"replies":[{"embeddable":true,"href":"https:\/\/agyl.at\/index.php?rest_route=%2Fwp%2Fv2%2Fcomments&post=53"}],"version-history":[{"count":17,"href":"https:\/\/agyl.at\/index.php?rest_route=\/wp\/v2\/pages\/53\/revisions"}],"predecessor-version":[{"id":335,"href":"https:\/\/agyl.at\/index.php?rest_route=\/wp\/v2\/pages\/53\/revisions\/335"}],"wp:attachment":[{"href":"https:\/\/agyl.at\/index.php?rest_route=%2Fwp%2Fv2%2Fmedia&parent=53"}],"curies":[{"name":"wp","href":"https:\/\/api.w.org\/{rel}","templated":true}]}}